{"id":14024,"date":"2018-09-24T16:53:45","date_gmt":"2018-09-24T14:53:45","guid":{"rendered":"https:\/\/www.berg-coiron-tourisme.com\/partenaires\/"},"modified":"2026-02-17T15:57:35","modified_gmt":"2026-02-17T14:57:35","slug":"partners","status":"publish","type":"page","link":"https:\/\/www.berg-coiron-tourisme.com\/en\/partners\/","title":{"rendered":"Partners"},"content":{"rendered":"<p><div class=\"fusion-fullwidth fullwidth-box nonhundred-percent-fullwidth non-hundred-percent-height-scrolling\"  style='background-color: rgba(255,255,255,0);background-position: center center;background-repeat: no-repeat;padding-top:0px;padding-right:0px;padding-bottom:0px;padding-left:0px;'><div class=\"fusion-builder-row fusion-row \"><div  class=\"fusion-layout-column fusion_builder_column fusion_builder_column_1_1 fusion-builder-column-1 fusion-one-full fusion-column-first fusion-column-last 1_1\"  style='margin-top:0px;margin-bottom:20px;'>\n\t\t\t\t\t<div class=\"fusion-column-wrapper\" style=\"padding: 0px 0px 0px 0px;background-position:left top;background-repeat:no-repeat;-webkit-background-size:cover;-moz-background-size:cover;-o-background-size:cover;background-size:cover;\"   data-bg-url=\"\">\n\t\t\t\t\t\t<div class=\"fusion-title title fusion-title-1 fusion-sep-none fusion-title-size-one\" style=\"margin-top:20px;margin-bottom:10px;\"><h1 class=\"title-heading-left\" style=\"margin:0;\">Our partners<\/h1><\/div><div id=\"global-bread\"><div id=\"wrap-breadcrumb\"><div class=\"fusion-breadcrumbs\"><span ><a  href=\"https:\/\/www.berg-coiron-tourisme.com\/en\/\"><span >Home<\/span><\/a><\/span><span class=\"fusion-breadcrumb-sep\">\/<\/span><\/div><\/div><\/div><div class=\"fusion-text\"><p>Here is the list of partners in Ard\u00e8che located in the touristic territory of Berg &#038; Coiron. Click on the photo or title to go to the website of the partner.<\/p>\n<\/div><div class=\"fusion-clearfix\"><\/div>\n\n\t\t\t\t\t<\/div>\n\t\t\t\t<\/div><\/div><\/div><div class=\"fusion-fullwidth fullwidth-box nonhundred-percent-fullwidth non-hundred-percent-height-scrolling\"  style='background-color: rgba(255,255,255,0);background-position: center center;background-repeat: no-repeat;padding-top:0px;padding-right:0px;padding-bottom:0px;padding-left:0px;'><div class=\"fusion-builder-row fusion-row \"><div  class=\"fusion-layout-column fusion_builder_column fusion_builder_column_1_4 fusion-builder-column-2 fusion-one-fourth fusion-column-first 1_4\"  style='margin-top:0px;margin-bottom:20px;width:25%;width:calc(25% - ( ( 4% ) * 0.25 ) );margin-right: 4%;'>\n\t\t\t\t\t<div class=\"fusion-column-wrapper\" style=\"padding: 0px 0px 0px 0px;background-position:left top;background-repeat:no-repeat;-webkit-background-size:cover;-moz-background-size:cover;-o-background-size:cover;background-size:cover;\"   data-bg-url=\"\">\n\t\t\t\t\t\t<span class=\"fusion-imageframe imageframe-none imageframe-1 hover-type-none\"><a class=\"fusion-no-lightbox\" href=\"http:\/\/www.ardeche-guide.com\/\" target=\"_blank\" aria-label=\"ardeche-forever\" rel=\"noopener noreferrer\"><img loading=\"lazy\" src=\"https:\/\/www.berg-coiron-tourisme.com\/wp-content\/uploads\/ardeche-forever.jpg\" width=\"200\" height=\"138\" alt=\"ADT de l&#039;ard\u00e8che\" class=\"img-responsive wp-image-10384\"\/><\/a><\/span><div class=\"fusion-clearfix\"><\/div>\n\n\t\t\t\t\t<\/div>\n\t\t\t\t<\/div><div  class=\"fusion-layout-column fusion_builder_column fusion_builder_column_3_4 fusion-builder-column-3 fusion-three-fourth fusion-column-last 3_4\"  style='margin-top:0px;margin-bottom:20px;width:75%;width:calc(75% - ( ( 4% ) * 0.75 ) );'>\n\t\t\t\t\t<div class=\"fusion-column-wrapper\" style=\"padding: 0px 0px 0px 0px;background-position:left top;background-repeat:no-repeat;-webkit-background-size:cover;-moz-background-size:cover;-o-background-size:cover;background-size:cover;\"   data-bg-url=\"\">\n\t\t\t\t\t\t<div class=\"fusion-text\"><p><span style=\"color: #048B9A;\"><a style=\"color: #048B9A;\" title=\"ADT de l'Ard\u00e8che\" href=\"https:\/\/en.ardeche-guide.com\/\" target=\"_blank\" rel=\"noopener noreferrer\">ADT de l&#8217;ard\u00e8che<\/a><\/span><\/p>\n<p>The official site for Ard\u00e8che&#8217;s Tourist Development Agency.<\/p>\n<\/div><div class=\"fusion-clearfix\"><\/div>\n\n\t\t\t\t\t<\/div>\n\t\t\t\t<\/div><\/div><\/div><div class=\"fusion-fullwidth fullwidth-box nonhundred-percent-fullwidth non-hundred-percent-height-scrolling\"  style='background-color: rgba(255,255,255,0);background-position: center center;background-repeat: no-repeat;padding-top:0px;padding-right:0px;padding-bottom:0px;padding-left:0px;'><div class=\"fusion-builder-row fusion-row \"><div  class=\"fusion-layout-column fusion_builder_column fusion_builder_column_1_4 fusion-builder-column-4 fusion-one-fourth fusion-column-first 1_4\"  style='margin-top:0px;margin-bottom:20px;width:25%;width:calc(25% - ( ( 4% ) * 0.25 ) );margin-right: 4%;'>\n\t\t\t\t\t<div class=\"fusion-column-wrapper\" style=\"padding: 0px 0px 0px 0px;background-position:left top;background-repeat:no-repeat;-webkit-background-size:cover;-moz-background-size:cover;-o-background-size:cover;background-size:cover;\"   data-bg-url=\"\">\n\t\t\t\t\t\t<span class=\"fusion-imageframe imageframe-none imageframe-2 hover-type-none\"><a class=\"fusion-no-lightbox\" href=\"http:\/\/www.bergetcoiron.fr\/\" target=\"_blank\" aria-label=\"cc-berg-et-coiron\" rel=\"noopener noreferrer\"><img loading=\"lazy\" src=\"https:\/\/www.berg-coiron-tourisme.com\/wp-content\/uploads\/cc-berg-et-coiron.jpg\" width=\"200\" height=\"138\" alt=\"Communaut\u00e9 des communes de Berg et Coiron\" class=\"img-responsive wp-image-10378\"\/><\/a><\/span><div class=\"fusion-clearfix\"><\/div>\n\n\t\t\t\t\t<\/div>\n\t\t\t\t<\/div><div  class=\"fusion-layout-column fusion_builder_column fusion_builder_column_3_4 fusion-builder-column-5 fusion-three-fourth fusion-column-last 3_4\"  style='margin-top:0px;margin-bottom:20px;width:75%;width:calc(75% - ( ( 4% ) * 0.75 ) );'>\n\t\t\t\t\t<div class=\"fusion-column-wrapper\" style=\"padding: 0px 0px 0px 0px;background-position:left top;background-repeat:no-repeat;-webkit-background-size:cover;-moz-background-size:cover;-o-background-size:cover;background-size:cover;\"   data-bg-url=\"\">\n\t\t\t\t\t\t<div class=\"fusion-text\"><p><span style=\"color: #048B9A;\"><a style=\"color: #048B9A;\" title=\"Communaut\u00e9 des communes de Berg et Coiron\" href=\"http:\/\/www.bergetcoiron.fr\/\" target=\"_blank\" rel=\"noopener noreferrer\">Communaut\u00e9 des communes de Berg et Coiron<\/a><\/span><\/p>\n<p>Find all information concerning the Berg et Coiron community.<\/p>\n<\/div><div class=\"fusion-clearfix\"><\/div>\n\n\t\t\t\t\t<\/div>\n\t\t\t\t<\/div><\/div><\/div><div class=\"fusion-fullwidth fullwidth-box nonhundred-percent-fullwidth non-hundred-percent-height-scrolling\"  style='background-color: rgba(255,255,255,0);background-position: center center;background-repeat: no-repeat;padding-top:0px;padding-right:0px;padding-bottom:0px;padding-left:0px;'><div class=\"fusion-builder-row fusion-row \"><div  class=\"fusion-layout-column fusion_builder_column fusion_builder_column_1_4 fusion-builder-column-6 fusion-one-fourth fusion-column-first 1_4\"  style='margin-top:0px;margin-bottom:20px;width:25%;width:calc(25% - ( ( 4% ) * 0.25 ) );margin-right: 4%;'>\n\t\t\t\t\t<div class=\"fusion-column-wrapper\" style=\"padding: 0px 0px 0px 0px;background-position:left top;background-repeat:no-repeat;-webkit-background-size:cover;-moz-background-size:cover;-o-background-size:cover;background-size:cover;\"   data-bg-url=\"\">\n\t\t\t\t\t\t<span class=\"fusion-imageframe imageframe-none imageframe-3 hover-type-none\"><a class=\"fusion-no-lightbox\" href=\"http:\/\/www.ardeche.fr\/\" target=\"_blank\" aria-label=\"conseil-general-ardeche\" rel=\"noopener noreferrer\"><img loading=\"lazy\" src=\"https:\/\/www.berg-coiron-tourisme.com\/wp-content\/uploads\/conseil-general-ardeche.jpg\" width=\"200\" height=\"138\" alt=\"Conseil g\u00e9n\u00e9ral de l&#039;Ard\u00e8che\" class=\"img-responsive wp-image-10380\"\/><\/a><\/span><div class=\"fusion-clearfix\"><\/div>\n\n\t\t\t\t\t<\/div>\n\t\t\t\t<\/div><div  class=\"fusion-layout-column fusion_builder_column fusion_builder_column_3_4 fusion-builder-column-7 fusion-three-fourth fusion-column-last 3_4\"  style='margin-top:0px;margin-bottom:20px;width:75%;width:calc(75% - ( ( 4% ) * 0.75 ) );'>\n\t\t\t\t\t<div class=\"fusion-column-wrapper\" style=\"padding: 0px 0px 0px 0px;background-position:left top;background-repeat:no-repeat;-webkit-background-size:cover;-moz-background-size:cover;-o-background-size:cover;background-size:cover;\"   data-bg-url=\"\">\n\t\t\t\t\t\t<div class=\"fusion-text\"><p><span style=\"color: #048B9A;\"><a style=\"color: #048B9A;\" title=\"Conseil g\u00e9n\u00e9ral de l'Ard\u00e8che\" href=\"http:\/\/www.ardeche.fr\" target=\"_blank\" rel=\"noopener noreferrer\">Conseil g\u00e9n\u00e9ral de l&#8217;Ard\u00e8che<\/a><\/span><\/p>\n<p>Statistics and general information about the region.<\/p>\n<\/div><div class=\"fusion-clearfix\"><\/div>\n\n\t\t\t\t\t<\/div>\n\t\t\t\t<\/div><\/div><\/div><div class=\"fusion-fullwidth fullwidth-box nonhundred-percent-fullwidth non-hundred-percent-height-scrolling\"  style='background-color: rgba(255,255,255,0);background-position: center center;background-repeat: no-repeat;padding-top:0px;padding-right:0px;padding-bottom:0px;padding-left:0px;'><div class=\"fusion-builder-row fusion-row \"><div  class=\"fusion-layout-column fusion_builder_column fusion_builder_column_1_4 fusion-builder-column-8 fusion-one-fourth fusion-column-first 1_4\"  style='margin-top:0px;margin-bottom:20px;width:25%;width:calc(25% - ( ( 4% ) * 0.25 ) );margin-right: 4%;'>\n\t\t\t\t\t<div class=\"fusion-column-wrapper\" style=\"padding: 0px 0px 0px 0px;background-position:left top;background-repeat:no-repeat;-webkit-background-size:cover;-moz-background-size:cover;-o-background-size:cover;background-size:cover;\"   data-bg-url=\"\">\n\t\t\t\t\t\t<span class=\"fusion-imageframe imageframe-none imageframe-4 hover-type-none\"><a class=\"fusion-no-lightbox\" href=\"https:\/\/www.ardeche.com\/\" target=\"_blank\" aria-label=\"ardeche.com\" rel=\"noopener noreferrer\"><img loading=\"lazy\" src=\"https:\/\/www.berg-coiron-tourisme.com\/wp-content\/uploads\/ardeche.com_.jpg\" width=\"200\" height=\"138\" alt=\"ardeche.com\" class=\"img-responsive wp-image-10382\"\/><\/a><\/span><div class=\"fusion-clearfix\"><\/div>\n\n\t\t\t\t\t<\/div>\n\t\t\t\t<\/div><div  class=\"fusion-layout-column fusion_builder_column fusion_builder_column_3_4 fusion-builder-column-9 fusion-three-fourth fusion-column-last 3_4\"  style='margin-top:0px;margin-bottom:20px;width:75%;width:calc(75% - ( ( 4% ) * 0.75 ) );'>\n\t\t\t\t\t<div class=\"fusion-column-wrapper\" style=\"padding: 0px 0px 0px 0px;background-position:left top;background-repeat:no-repeat;-webkit-background-size:cover;-moz-background-size:cover;-o-background-size:cover;background-size:cover;\"   data-bg-url=\"\">\n\t\t\t\t\t\t<div class=\"fusion-text\"><p><span style=\"color: #048B9A;\"><a style=\"color: #048B9A;\" title=\"ardeche\" href=\"https:\/\/www.ardeche.com\/en\/\" target=\"_blank\" rel=\"noopener noreferrer\">Ardeche.com<\/a><\/span><\/p>\n<p>Complete website list for <a href=\"https:\/\/www.ardeche.com\/en\/\" target=\"_blank\" rel=\"noopener noreferrer\">Ard\u00e8che<\/a>, includes listing of lodging and vacation ideas.<\/p>\n<\/div><div class=\"fusion-clearfix\"><\/div>\n\n\t\t\t\t\t<\/div>\n\t\t\t\t<\/div><\/div><\/div><\/p>\n","protected":false},"excerpt":{"rendered":"","protected":false},"author":1,"featured_media":0,"parent":0,"menu_order":0,"comment_status":"closed","ping_status":"closed","template":"","meta":[],"_links":{"self":[{"href":"https:\/\/www.berg-coiron-tourisme.com\/en\/wp-json\/wp\/v2\/pages\/14024"}],"collection":[{"href":"https:\/\/www.berg-coiron-tourisme.com\/en\/wp-json\/wp\/v2\/pages"}],"about":[{"href":"https:\/\/www.berg-coiron-tourisme.com\/en\/wp-json\/wp\/v2\/types\/page"}],"author":[{"embeddable":true,"href":"https:\/\/www.berg-coiron-tourisme.com\/en\/wp-json\/wp\/v2\/users\/1"}],"replies":[{"embeddable":true,"href":"https:\/\/www.berg-coiron-tourisme.com\/en\/wp-json\/wp\/v2\/comments?post=14024"}],"version-history":[{"count":3,"href":"https:\/\/www.berg-coiron-tourisme.com\/en\/wp-json\/wp\/v2\/pages\/14024\/revisions"}],"predecessor-version":[{"id":113047,"href":"https:\/\/www.berg-coiron-tourisme.com\/en\/wp-json\/wp\/v2\/pages\/14024\/revisions\/113047"}],"wp:attachment":[{"href":"https:\/\/www.berg-coiron-tourisme.com\/en\/wp-json\/wp\/v2\/media?parent=14024"}],"curies":[{"name":"wp","href":"https:\/\/api.w.org\/{rel}","templated":true}]}}